{"id":10,"date":"2023-01-21T14:02:52","date_gmt":"2023-01-21T13:02:52","guid":{"rendered":"https:\/\/www.que-dire.com\/?page_id=10"},"modified":"2025-07-30T13:20:24","modified_gmt":"2025-07-30T11:20:24","slug":"home","status":"publish","type":"page","link":"https:\/\/www.que-dire.com\/","title":{"rendered":"Accueil"},"content":{"rendered":"\n<p class=\"has-text-align-center\">Que dire aujourd\u2019hui et qui n\u2019a pas \u00e9t\u00e9 dit, \u00e9crit, revendiqu\u00e9?<\/p>\n\n\n\n<p><br>Depuis des ann\u00e9es, les questions que l\u2019on se pose sur la d\u00e9gradation de la situation internationale, sur la notion et pratique de la d\u00e9mocratie, sur le d\u00e9sordre international o\u00f9 s\u2019infiltrent non droit, hypocrisie volontaire et instrumentalisations en tout genre, me poussent \u00e0 me poser cette question\u00a0: que dire?<br>Je ne sais pas si je pourrais ou saurais r\u00e9pondre \u00e0 cette question. Mais l\u2019id\u00e9e m\u2019est venue de regrouper dans ce site mes diff\u00e9rents articles et interventions ainsi que des fiches de lecture de certains documents que j\u2019avais mises en ligne dans <a href=\"https:\/\/www.maroc-realites.com\/\" target=\"_blank\" rel=\"noreferrer noopener\">Maroc R\u00e9alit\u00e9s<\/a>.<\/p>\n\n\n\n<p class=\"has-text-align-right\"><\/p>\n\n\n\n<div class=\"wp-block-columns is-not-stacked-on-mobile has-base-3-background-color has-background is-layout-flex wp-container-core-columns-is-layout-9d6595d7 wp-block-columns-is-layout-flex\" style=\"font-size:14px\">\n<div class=\"wp-block-column is-layout-flow wp-block-column-is-layout-flow\">\n<p class=\"has-text-align-left\" style=\"font-size:16px\"><a href=\"https:\/\/www.que-dire.com\/index.php\/presentation-2-2\/\">Pr\u00e9sentation compl\u00e8te&#8230;<\/a><\/p>\n<\/div>\n\n\n\n<div class=\"wp-block-column is-layout-flow wp-block-column-is-layout-flow\">\n<p class=\"has-text-align-center\" style=\"font-size:16px\"><a href=\"https:\/\/www.que-dire.com\/index.php\/mon-parcours\/\">Mon parcours&#8230;<\/a><\/p>\n<\/div>\n\n\n\n<div class=\"wp-block-column is-layout-flow wp-block-column-is-layout-flow\">\n<p class=\"has-text-align-right\" style=\"font-size:16px\"><a href=\"mailto:contact@que-dire.com\">contact@que-dire.com<\/a><\/p>\n<\/div>\n<\/div>\n\n\n\n<br><br>\n\n\n\n<p class=\"has-text-align-center\"><a href=\"https:\/\/www.que-dire.com\/index.php\/la-voix-des-autres\/\">La voix des autres<\/a><\/p>\n\n\n\n<br><br>\n\n\n\n<div class=\"wp-block-carousel-slider-slider\"><div class=\"carousel-slider-outer carousel-slider-outer-image-carousel carousel-slider-outer-2797\" style=\"--carousel-slider-nav-color:#f1f1f1;--carousel-slider-active-nav-color:#00d1b2;--carousel-slider-arrow-size:48px;--carousel-slider-bullet-size:10px\">\n<div id=\"&#039;id-2797\" class=\"carousel-slider carousel-slider-2797 arrows-visibility-hover dots-visibility-never arrows-outside dots-center dots-circle owl-carousel\" data-slide-type=\"image-carousel\" data-owl-settings='{\"nav\":true,\"dots\":false,\"slideBy\":1,\"stagePadding\":0,\"margin\":10,\"loop\":true,\"lazyLoad\":true,\"autoplay\":true,\"autoplayTimeout\":2500,\"autoplaySpeed\":500,\"autoplayHoverPause\":true,\"autoWidth\":false,\"responsive\":{\"300\":{\"items\":1},\"576\":{\"items\":2},\"768\":{\"items\":2},\"1024\":{\"items\":3},\"1280\":{\"items\":4},\"1536\":{\"items\":5}}}'>\n<div class=\"carousel-slider__item\">\n\t<a class=\"magnific-popup\" href=\"https:\/\/www.que-dire.com\/wp-content\/uploads\/2023\/08\/calligraphie.jpg\" data-width=\"290\" data-height=\"250\"><img class=\"owl-lazy\" data-src=\"https:\/\/www.que-dire.com\/wp-content\/uploads\/2023\/08\/calligraphie.jpg\" alt=\"\"><\/a><\/div>\n\n<div class=\"carousel-slider__item\">\n\t<a class=\"magnific-popup\" href=\"https:\/\/www.que-dire.com\/wp-content\/uploads\/2023\/08\/Option-Dialogue021.jpg\" data-width=\"1034\" data-height=\"1495\"><img class=\"owl-lazy\" data-src=\"https:\/\/www.que-dire.com\/wp-content\/uploads\/2023\/08\/Option-Dialogue021-768x1110.jpg\" alt=\"\"><\/a><\/div>\n\n<div class=\"carousel-slider__item\">\n\t<a class=\"magnific-popup\" href=\"https:\/\/www.que-dire.com\/wp-content\/uploads\/2023\/08\/Le-resistant-Zerktouni-Couverture-du-livre-dedicace-par-son-fils-Abdelkrim-Fondation-Zerktouni-Culture-et-recherches-scaled.jpg\" data-width=\"1757\" data-height=\"2560\"><img class=\"owl-lazy\" data-src=\"https:\/\/www.que-dire.com\/wp-content\/uploads\/2023\/08\/Le-resistant-Zerktouni-Couverture-du-livre-dedicace-par-son-fils-Abdelkrim-Fondation-Zerktouni-Culture-et-recherches-768x1119.jpg\" alt=\"\"><\/a><\/div>\n\n<div class=\"carousel-slider__item\">\n\t<a class=\"magnific-popup\" href=\"https:\/\/www.que-dire.com\/wp-content\/uploads\/2023\/08\/bridge-53769_1280.jpg\" data-width=\"1280\" data-height=\"874\"><img class=\"owl-lazy\" data-src=\"https:\/\/www.que-dire.com\/wp-content\/uploads\/2023\/08\/bridge-53769_1280-768x524.jpg\" alt=\"\"><\/a><\/div>\n\n<div class=\"carousel-slider__item\">\n\t<a class=\"magnific-popup\" href=\"https:\/\/www.que-dire.com\/wp-content\/uploads\/2023\/08\/image-2.png\" data-width=\"168\" data-height=\"193\"><img class=\"owl-lazy\" data-src=\"https:\/\/www.que-dire.com\/wp-content\/uploads\/2023\/08\/image-2.png\" alt=\"\"><\/a><\/div>\n\n<div class=\"carousel-slider__item\">\n\t<a class=\"magnific-popup\" href=\"https:\/\/www.que-dire.com\/wp-content\/uploads\/2023\/08\/IMG_8118-Brasserie-LIPP-2015-scaled.jpg\" data-width=\"2560\" data-height=\"1707\"><img class=\"owl-lazy\" data-src=\"https:\/\/www.que-dire.com\/wp-content\/uploads\/2023\/08\/IMG_8118-Brasserie-LIPP-2015-768x512.jpg\" alt=\"\"><\/a><\/div>\n\n<div class=\"carousel-slider__item\">\n\t<a class=\"magnific-popup\" href=\"https:\/\/www.que-dire.com\/wp-content\/uploads\/2023\/06\/image-11.png\" data-width=\"945\" data-height=\"1344\"><img class=\"owl-lazy\" data-src=\"https:\/\/www.que-dire.com\/wp-content\/uploads\/2023\/06\/image-11-768x1092.png\" alt=\"\"><\/a><\/div>\n\n<div class=\"carousel-slider__item\">\n\t<a class=\"magnific-popup\" href=\"https:\/\/www.que-dire.com\/wp-content\/uploads\/2023\/08\/Photo-339-rotated.jpg\" data-width=\"1200\" data-height=\"1600\"><img class=\"owl-lazy\" data-src=\"https:\/\/www.que-dire.com\/wp-content\/uploads\/2023\/08\/Photo-339-768x1024.jpg\" alt=\"\"><\/a><\/div>\n\n<div class=\"carousel-slider__item\">\n\t<a class=\"magnific-popup\" href=\"https:\/\/www.que-dire.com\/wp-content\/uploads\/2023\/06\/04d-Photo-DSCF0401-scaled.jpg\" data-width=\"2560\" data-height=\"1920\"><img class=\"owl-lazy\" data-src=\"https:\/\/www.que-dire.com\/wp-content\/uploads\/2023\/06\/04d-Photo-DSCF0401-768x576.jpg\" alt=\"\"><\/a><\/div>\n\n<div class=\"carousel-slider__item\">\n\t<a class=\"magnific-popup\" href=\"https:\/\/www.que-dire.com\/wp-content\/uploads\/2023\/08\/crayons-de-couleurs-Carte-de-Rhite007.jpg\" data-width=\"1837\" data-height=\"1501\"><img class=\"owl-lazy\" data-src=\"https:\/\/www.que-dire.com\/wp-content\/uploads\/2023\/08\/crayons-de-couleurs-Carte-de-Rhite007-768x628.jpg\" alt=\"\"><\/a><\/div>\n\n<div class=\"carousel-slider__item\">\n\t<a class=\"magnific-popup\" href=\"https:\/\/www.que-dire.com\/wp-content\/uploads\/2023\/08\/Tonio-le-Monde005-1.jpg\" data-width=\"1397\" data-height=\"1016\"><img class=\"owl-lazy\" data-src=\"https:\/\/www.que-dire.com\/wp-content\/uploads\/2023\/08\/Tonio-le-Monde005-1-768x559.jpg\" alt=\"\"><\/a><\/div>\n\n<div class=\"carousel-slider__item\">\n\t<a class=\"magnific-popup\" href=\"https:\/\/www.que-dire.com\/wp-content\/uploads\/2023\/08\/Fleurs-pour-60-ans008-scaled.jpg\" data-width=\"2560\" data-height=\"1271\"><img class=\"owl-lazy\" data-src=\"https:\/\/www.que-dire.com\/wp-content\/uploads\/2023\/08\/Fleurs-pour-60-ans008-768x381.jpg\" alt=\"\"><\/a><\/div>\n\n<\/div><!-- .carousel-slider-2797 -->\n<\/div><!-- .carousel-slider-outer-2797 -->\n<\/div>\n","protected":false},"excerpt":{"rendered":"<p>Que dire aujourd\u2019hui et qui n\u2019a pas \u00e9t\u00e9 dit, \u00e9crit, revendiqu\u00e9? Depuis des ann\u00e9es, les questions que l\u2019on se pose sur la d\u00e9gradation de la situation internationale, sur la notion et pratique de la d\u00e9mocratie, sur le d\u00e9sordre international o\u00f9 s\u2019infiltrent non droit, hypocrisie volontaire et instrumentalisations en tout genre, me poussent \u00e0 me poser &#8230; <a title=\"Accueil\" class=\"read-more\" href=\"https:\/\/www.que-dire.com\/\" aria-label=\"En savoir plus sur Accueil\">Lire la suite<\/a><\/p>\n","protected":false},"author":1,"featured_media":0,"parent":0,"menu_order":1,"comment_status":"closed","ping_status":"closed","template":"","meta":{"footnotes":""},"class_list":["post-10","page","type-page","status-publish"],"_links":{"self":[{"href":"https:\/\/www.que-dire.com\/index.php\/wp-json\/wp\/v2\/pages\/10","targetHints":{"allow":["GET"]}}],"collection":[{"href":"https:\/\/www.que-dire.com\/index.php\/wp-json\/wp\/v2\/pages"}],"about":[{"href":"https:\/\/www.que-dire.com\/index.php\/wp-json\/wp\/v2\/types\/page"}],"author":[{"embeddable":true,"href":"https:\/\/www.que-dire.com\/index.php\/wp-json\/wp\/v2\/users\/1"}],"replies":[{"embeddable":true,"href":"https:\/\/www.que-dire.com\/index.php\/wp-json\/wp\/v2\/comments?post=10"}],"version-history":[{"count":122,"href":"https:\/\/www.que-dire.com\/index.php\/wp-json\/wp\/v2\/pages\/10\/revisions"}],"predecessor-version":[{"id":4611,"href":"https:\/\/www.que-dire.com\/index.php\/wp-json\/wp\/v2\/pages\/10\/revisions\/4611"}],"wp:attachment":[{"href":"https:\/\/www.que-dire.com\/index.php\/wp-json\/wp\/v2\/media?parent=10"}],"curies":[{"name":"wp","href":"https:\/\/api.w.org\/{rel}","templated":true}]}}