{"id":2449,"date":"2023-08-19T17:42:43","date_gmt":"2023-08-19T15:42:43","guid":{"rendered":"https:\/\/www.que-dire.com\/?page_id=2449"},"modified":"2023-10-05T10:32:25","modified_gmt":"2023-10-05T08:32:25","slug":"presentation-2-2","status":"publish","type":"page","link":"https:\/\/www.que-dire.com\/index.php\/presentation-2-2\/","title":{"rendered":"Pr\u00e9sentation"},"content":{"rendered":"\n<p><\/p>\n\n\n\n<p><em>Que dire aujourd\u2019hui et qui n\u2019a pas \u00e9t\u00e9 dit, \u00e9crit, revendiqu\u00e9\u2026<\/em><em><\/em><\/p>\n\n\n\n<p>A la (re) lecture des archives mises en ligne sur le site \u00ab&nbsp;Maroc R\u00e9alit\u00e9s&nbsp;\u00bb, des positions datant de l\u2019ind\u00e9pendance octroy\u00e9e, il est probablement n\u00e9cessaire d\u2019en faire des critiques constructives, de pointer du doigt nos erreurs, en particulier nos comportements de militants, de revoir comment, pour nous tous, se sont articul\u00e9es dans les faits, nos convictions d\u00e9mocratiques. Nous sommes-nous ouverts \u00e0 d\u2019autres exp\u00e9riences&nbsp;? Les avons-nous \u00e9valu\u00e9es&nbsp;? Avons-nous pu et su \u00ab&nbsp;<em>quitter le terrain du sp\u00e9cifique pour camper dans l&rsquo;universel<\/em>\u00bb, comme <a href=\"https:\/\/www.maroc-realites.com\/document\/352\" target=\"_blank\" rel=\"noreferrer noopener\">le disait Driss Ben Ali<\/a>&nbsp;?<\/p>\n\n\n\n<p>Cr\u00e9er ce site \u00ab&nbsp;Que dire&nbsp;?&nbsp;\u00bb, qui regroupe mes diff\u00e9rents articles et interventions, c\u2019est la possibilit\u00e9 de les revoir, les partager, les replacer dans leurs diff\u00e9rents contextes.&nbsp;<br>Des textes se ressemblent quand le th\u00e8me est identique, mais tiennent compte des circonstances dans lesquelles ils ont \u00e9t\u00e9 \u00e9crits&nbsp;: dans quel cadre&nbsp;? Une intervention&nbsp;? Un article&nbsp;? Se demander pourquoi je les ai \u00e9crits et dits.<\/p>\n\n\n\n<p>Mais il y a s\u00fbrement une autre mani\u00e8re de faire et de voir. D\u2019autant que, dans l\u2019\u00e9volution de la situation actuelle, malgr\u00e9, comme le dit Orwel, ces \u00ab <em>temps de tromperie universelle<\/em>&nbsp;\u00bb qui ne datent pas d\u2019aujourd\u2019hui, les \u00e9volutions technologiques, les changements et renversements structurels invitent \u00e0 se projeter autrement m\u00eame s\u2019ils n&rsquo;impliquent pas de mani\u00e8re m\u00e9canique une transformation dans les mentalit\u00e9s.<\/p>\n\n\n\n<p>Ce site pourrait s\u2019ouvrir \u00e0 \u00ab&nbsp;la parole des autres&nbsp;\u00bb, \u00e0 des interrogations et des trajectoires crois\u00e9es. La mienne est celle d\u2019un engagement politique, de parcours professionnel et personnel qui s\u2019inscrivent dans les convictions sur les questions de droits humains, de libert\u00e9 et de dignit\u00e9, les fondamentaux d\u2019une d\u00e9mocratie. Nous sommes plusieurs \u00e0 avoir des similitudes dans nos convictions avec des visions diff\u00e9rentes.<\/p>\n\n\n\n<p>Comme l&rsquo;\u00e9crivait  Orwel, \u00ab<em> ce qui me pla\u00eet c\u2019est l\u2019\u00e9change, les analyses de concepts ou situations. Quelque chose de bref qui m\u2019apprend \u00e0 douter<\/em>.&nbsp;\u00bb N\u2019est-il pas n\u00e9cessaire de s\u2019approprier le doute malgr\u00e9 nos certitudes ?<\/p>\n\n\n\n<p class=\"has-text-align-right\"><a href=\"https:\/\/www.que-dire.com\/index.php\/mon-parcours\/\">[en savoir plus sur mon parcours&#8230;]<\/a><\/p>\n\n\n\n<div class=\"wp-block-carousel-slider-slider\"><div class=\"carousel-slider-outer carousel-slider-outer-image-carousel carousel-slider-outer-2797\" style=\"--carousel-slider-nav-color:#f1f1f1;--carousel-slider-active-nav-color:#00d1b2;--carousel-slider-arrow-size:48px;--carousel-slider-bullet-size:10px\">\n<div id=\"&#039;id-2797\" class=\"carousel-slider carousel-slider-2797 arrows-visibility-hover dots-visibility-never arrows-outside dots-center dots-circle owl-carousel\" data-slide-type=\"image-carousel\" data-owl-settings='{\"nav\":true,\"dots\":false,\"slideBy\":1,\"stagePadding\":0,\"margin\":10,\"loop\":true,\"lazyLoad\":true,\"autoplay\":true,\"autoplayTimeout\":2500,\"autoplaySpeed\":500,\"autoplayHoverPause\":true,\"autoWidth\":false,\"responsive\":{\"300\":{\"items\":1},\"576\":{\"items\":2},\"768\":{\"items\":2},\"1024\":{\"items\":3},\"1280\":{\"items\":4},\"1536\":{\"items\":5}}}'>\n<div class=\"carousel-slider__item\">\n\t<a class=\"magnific-popup\" href=\"https:\/\/www.que-dire.com\/wp-content\/uploads\/2023\/08\/calligraphie.jpg\" data-width=\"290\" data-height=\"250\"><img class=\"owl-lazy\" data-src=\"https:\/\/www.que-dire.com\/wp-content\/uploads\/2023\/08\/calligraphie.jpg\" alt=\"\"><\/a><\/div>\n\n<div class=\"carousel-slider__item\">\n\t<a class=\"magnific-popup\" href=\"https:\/\/www.que-dire.com\/wp-content\/uploads\/2023\/08\/Option-Dialogue021.jpg\" data-width=\"1034\" data-height=\"1495\"><img class=\"owl-lazy\" data-src=\"https:\/\/www.que-dire.com\/wp-content\/uploads\/2023\/08\/Option-Dialogue021-768x1110.jpg\" alt=\"\"><\/a><\/div>\n\n<div class=\"carousel-slider__item\">\n\t<a class=\"magnific-popup\" href=\"https:\/\/www.que-dire.com\/wp-content\/uploads\/2023\/08\/Le-resistant-Zerktouni-Couverture-du-livre-dedicace-par-son-fils-Abdelkrim-Fondation-Zerktouni-Culture-et-recherches-scaled.jpg\" data-width=\"1757\" data-height=\"2560\"><img class=\"owl-lazy\" data-src=\"https:\/\/www.que-dire.com\/wp-content\/uploads\/2023\/08\/Le-resistant-Zerktouni-Couverture-du-livre-dedicace-par-son-fils-Abdelkrim-Fondation-Zerktouni-Culture-et-recherches-768x1119.jpg\" alt=\"\"><\/a><\/div>\n\n<div class=\"carousel-slider__item\">\n\t<a class=\"magnific-popup\" href=\"https:\/\/www.que-dire.com\/wp-content\/uploads\/2023\/08\/bridge-53769_1280.jpg\" data-width=\"1280\" data-height=\"874\"><img class=\"owl-lazy\" data-src=\"https:\/\/www.que-dire.com\/wp-content\/uploads\/2023\/08\/bridge-53769_1280-768x524.jpg\" alt=\"\"><\/a><\/div>\n\n<div class=\"carousel-slider__item\">\n\t<a class=\"magnific-popup\" href=\"https:\/\/www.que-dire.com\/wp-content\/uploads\/2023\/08\/image-2.png\" data-width=\"168\" data-height=\"193\"><img class=\"owl-lazy\" data-src=\"https:\/\/www.que-dire.com\/wp-content\/uploads\/2023\/08\/image-2.png\" alt=\"\"><\/a><\/div>\n\n<div class=\"carousel-slider__item\">\n\t<a class=\"magnific-popup\" href=\"https:\/\/www.que-dire.com\/wp-content\/uploads\/2023\/08\/IMG_8118-Brasserie-LIPP-2015-scaled.jpg\" data-width=\"2560\" data-height=\"1707\"><img class=\"owl-lazy\" data-src=\"https:\/\/www.que-dire.com\/wp-content\/uploads\/2023\/08\/IMG_8118-Brasserie-LIPP-2015-768x512.jpg\" alt=\"\"><\/a><\/div>\n\n<div class=\"carousel-slider__item\">\n\t<a class=\"magnific-popup\" href=\"https:\/\/www.que-dire.com\/wp-content\/uploads\/2023\/06\/image-11.png\" data-width=\"945\" data-height=\"1344\"><img class=\"owl-lazy\" data-src=\"https:\/\/www.que-dire.com\/wp-content\/uploads\/2023\/06\/image-11-768x1092.png\" alt=\"\"><\/a><\/div>\n\n<div class=\"carousel-slider__item\">\n\t<a class=\"magnific-popup\" href=\"https:\/\/www.que-dire.com\/wp-content\/uploads\/2023\/08\/Photo-339-rotated.jpg\" data-width=\"1200\" data-height=\"1600\"><img class=\"owl-lazy\" data-src=\"https:\/\/www.que-dire.com\/wp-content\/uploads\/2023\/08\/Photo-339-768x1024.jpg\" alt=\"\"><\/a><\/div>\n\n<div class=\"carousel-slider__item\">\n\t<a class=\"magnific-popup\" href=\"https:\/\/www.que-dire.com\/wp-content\/uploads\/2023\/06\/04d-Photo-DSCF0401-scaled.jpg\" data-width=\"2560\" data-height=\"1920\"><img class=\"owl-lazy\" data-src=\"https:\/\/www.que-dire.com\/wp-content\/uploads\/2023\/06\/04d-Photo-DSCF0401-768x576.jpg\" alt=\"\"><\/a><\/div>\n\n<div class=\"carousel-slider__item\">\n\t<a class=\"magnific-popup\" href=\"https:\/\/www.que-dire.com\/wp-content\/uploads\/2023\/08\/crayons-de-couleurs-Carte-de-Rhite007.jpg\" data-width=\"1837\" data-height=\"1501\"><img class=\"owl-lazy\" data-src=\"https:\/\/www.que-dire.com\/wp-content\/uploads\/2023\/08\/crayons-de-couleurs-Carte-de-Rhite007-768x628.jpg\" alt=\"\"><\/a><\/div>\n\n<div class=\"carousel-slider__item\">\n\t<a class=\"magnific-popup\" href=\"https:\/\/www.que-dire.com\/wp-content\/uploads\/2023\/08\/Tonio-le-Monde005-1.jpg\" data-width=\"1397\" data-height=\"1016\"><img class=\"owl-lazy\" data-src=\"https:\/\/www.que-dire.com\/wp-content\/uploads\/2023\/08\/Tonio-le-Monde005-1-768x559.jpg\" alt=\"\"><\/a><\/div>\n\n<div class=\"carousel-slider__item\">\n\t<a class=\"magnific-popup\" href=\"https:\/\/www.que-dire.com\/wp-content\/uploads\/2023\/08\/Fleurs-pour-60-ans008-scaled.jpg\" data-width=\"2560\" data-height=\"1271\"><img class=\"owl-lazy\" data-src=\"https:\/\/www.que-dire.com\/wp-content\/uploads\/2023\/08\/Fleurs-pour-60-ans008-768x381.jpg\" alt=\"\"><\/a><\/div>\n\n<\/div><!-- .carousel-slider-2797 -->\n<\/div><!-- .carousel-slider-outer-2797 -->\n<\/div>\n","protected":false},"excerpt":{"rendered":"<p>Que dire aujourd\u2019hui et qui n\u2019a pas \u00e9t\u00e9 dit, \u00e9crit, revendiqu\u00e9\u2026 A la (re) lecture des archives mises en ligne sur le site \u00ab&nbsp;Maroc R\u00e9alit\u00e9s&nbsp;\u00bb, des positions datant de l\u2019ind\u00e9pendance octroy\u00e9e, il est probablement n\u00e9cessaire d\u2019en faire des critiques constructives, de pointer du doigt nos erreurs, en particulier nos comportements de militants, de revoir comment, &#8230; <a title=\"Pr\u00e9sentation\" class=\"read-more\" href=\"https:\/\/www.que-dire.com\/index.php\/presentation-2-2\/\" aria-label=\"En savoir plus sur Pr\u00e9sentation\">Lire la suite<\/a><\/p>\n","protected":false},"author":1,"featured_media":0,"parent":0,"menu_order":0,"comment_status":"closed","ping_status":"closed","template":"","meta":{"footnotes":""},"class_list":["post-2449","page","type-page","status-publish"],"_links":{"self":[{"href":"https:\/\/www.que-dire.com\/index.php\/wp-json\/wp\/v2\/pages\/2449","targetHints":{"allow":["GET"]}}],"collection":[{"href":"https:\/\/www.que-dire.com\/index.php\/wp-json\/wp\/v2\/pages"}],"about":[{"href":"https:\/\/www.que-dire.com\/index.php\/wp-json\/wp\/v2\/types\/page"}],"author":[{"embeddable":true,"href":"https:\/\/www.que-dire.com\/index.php\/wp-json\/wp\/v2\/users\/1"}],"replies":[{"embeddable":true,"href":"https:\/\/www.que-dire.com\/index.php\/wp-json\/wp\/v2\/comments?post=2449"}],"version-history":[{"count":30,"href":"https:\/\/www.que-dire.com\/index.php\/wp-json\/wp\/v2\/pages\/2449\/revisions"}],"predecessor-version":[{"id":3426,"href":"https:\/\/www.que-dire.com\/index.php\/wp-json\/wp\/v2\/pages\/2449\/revisions\/3426"}],"wp:attachment":[{"href":"https:\/\/www.que-dire.com\/index.php\/wp-json\/wp\/v2\/media?parent=2449"}],"curies":[{"name":"wp","href":"https:\/\/api.w.org\/{rel}","templated":true}]}}